{"id":1380,"date":"2023-07-04T06:30:14","date_gmt":"2023-07-04T05:30:14","guid":{"rendered":"https:\/\/mooreliciouspeppers.com\/?post_type=product&#038;p=1380"},"modified":"2023-08-20T19:58:44","modified_gmt":"2023-08-21T00:58:44","slug":"jalapenos","status":"publish","type":"product","link":"https:\/\/mooreliciouspeppers.com\/index.php\/product\/jalapenos\/","title":{"rendered":"Jalape\u00f1os"},"content":{"rendered":"<p>The jalape\u00f1o, perhaps the most commonly known pepper in America, provides a good balance between taste and spice. However, make no mistake, keep a drink handy when consuming these jalape\u00f1os as these peppers can offer a spicy surprise. Which is why we rank our jalape\u00f1os in the middleweight class. Like any of our other peppers cutting out the core (seeds and veins) will make the pepper milder. Natural jalape\u00f1os come in varies sizes and colors unlike the jalape\u00f1os sold in the big box stores. The color will depend on how mature the pepper is when picked from the jalape\u00f1o plant. Most common color is green because most jalape\u00f1os are picked before reaching full maturity; however, if the pepper can reach full maturity the color will be red or brownish red but in some circumstances the pepper may be purple. The state of Texas declared the jalape\u00f1o as the state pepper in 1995 (see 74R H.C.R. 105).<\/p>\n<p>Favorite dishes with jalape\u00f1os as an ingredient: Jalape\u00f1o Poppers, Salsa, Tacos, Hamburgers, Breakfast Sandwiches, Jalape\u00f1o and Cheese Sausage or Boudin, and Omelets<\/p>\n","protected":false},"excerpt":{"rendered":"<p>The jalape\u00f1o, perhaps the most commonly known pepper in America, provides a good balance between taste and spice and takes a spot in the middleweight class.<\/p>\n","protected":false},"featured_media":1385,"comment_status":"open","ping_status":"closed","template":"","meta":{"_uag_custom_page_level_css":"","site-sidebar-layout":"default","site-content-layout":"default","ast-site-content-layout":"default","site-content-style":"default","site-sidebar-style":"default","ast-global-header-display":"","ast-banner-title-visibility":"","ast-main-header-display":"","ast-hfb-above-header-display":"","ast-hfb-below-header-display":"","ast-hfb-mobile-header-display":"","site-post-title":"","ast-breadcrumbs-content":"","ast-featured-img":"","footer-sml-layout":"","theme-transparent-header-meta":"default","adv-header-id-meta":"","stick-header-meta":"","header-above-stick-meta":"","header-main-stick-meta":"","header-below-stick-meta":"","astra-migrate-meta-layouts":"set","ast-page-background-enabled":"default","ast-page-background-meta":{"desktop":{"background-color":"","background-image":"","background-repeat":"repeat","background-position":"center center","background-size":"auto","background-attachment":"scroll","background-type":"","background-media":"","overlay-type":"","overlay-color":"","overlay-opacity":"","overlay-gradient":""},"tablet":{"background-color":"","background-image":"","background-repeat":"repeat","background-position":"center center","background-size":"auto","background-attachment":"scroll","background-type":"","background-media":"","overlay-type":"","overlay-color":"","overlay-opacity":"","overlay-gradient":""},"mobile":{"background-color":"","background-image":"","background-repeat":"repeat","background-position":"center center","background-size":"auto","background-attachment":"scroll","background-type":"","background-media":"","overlay-type":"","overlay-color":"","overlay-opacity":"","overlay-gradient":""}},"ast-content-background-meta":{"desktop":{"background-color":"var(--ast-global-color-5)","background-image":"","background-repeat":"repeat","background-position":"center center","background-size":"auto","background-attachment":"scroll","background-type":"","background-media":"","overlay-type":"","overlay-color":"","overlay-opacity":"","overlay-gradient":""},"tablet":{"background-color":"var(--ast-global-color-5)","background-image":"","background-repeat":"repeat","background-position":"center center","background-size":"auto","background-attachment":"scroll","background-type":"","background-media":"","overlay-type":"","overlay-color":"","overlay-opacity":"","overlay-gradient":""},"mobile":{"background-color":"var(--ast-global-color-5)","background-image":"","background-repeat":"repeat","background-position":"center center","background-size":"auto","background-attachment":"scroll","background-type":"","background-media":"","overlay-type":"","overlay-color":"","overlay-opacity":"","overlay-gradient":""}}},"product_brand":[],"product_cat":[19],"product_tag":[],"class_list":{"0":"post-1380","1":"product","2":"type-product","3":"status-publish","4":"has-post-thumbnail","6":"product_cat-peppers","7":"desktop-align-center","8":"tablet-align-left","9":"mobile-align-left","11":"first","12":"outofstock","13":"taxable","14":"shipping-taxable","15":"purchasable","16":"product-type-variable"},"uagb_featured_image_src":{"full":["https:\/\/mooreliciouspeppers.com\/wp-content\/uploads\/2023\/07\/Jalapenopepper.jpg",1024,768,false],"thumbnail":["https:\/\/mooreliciouspeppers.com\/wp-content\/uploads\/2023\/07\/Jalapenopepper-150x150.jpg",150,150,true],"medium":["https:\/\/mooreliciouspeppers.com\/wp-content\/uploads\/2023\/07\/Jalapenopepper-300x225.jpg",300,225,true],"medium_large":["https:\/\/mooreliciouspeppers.com\/wp-content\/uploads\/2023\/07\/Jalapenopepper-768x576.jpg",768,576,true],"large":["https:\/\/mooreliciouspeppers.com\/wp-content\/uploads\/2023\/07\/Jalapenopepper.jpg",1024,768,false],"1536x1536":["https:\/\/mooreliciouspeppers.com\/wp-content\/uploads\/2023\/07\/Jalapenopepper.jpg",1024,768,false],"2048x2048":["https:\/\/mooreliciouspeppers.com\/wp-content\/uploads\/2023\/07\/Jalapenopepper.jpg",1024,768,false],"mailpoet_newsletter_max":["https:\/\/mooreliciouspeppers.com\/wp-content\/uploads\/2023\/07\/Jalapenopepper.jpg",1024,768,false],"woocommerce_thumbnail":["https:\/\/mooreliciouspeppers.com\/wp-content\/uploads\/2023\/07\/Jalapenopepper-300x300.jpg",300,300,true],"woocommerce_single":["https:\/\/mooreliciouspeppers.com\/wp-content\/uploads\/2023\/07\/Jalapenopepper-600x450.jpg",600,450,true],"woocommerce_gallery_thumbnail":["https:\/\/mooreliciouspeppers.com\/wp-content\/uploads\/2023\/07\/Jalapenopepper-100x100.jpg",100,100,true]},"uagb_author_info":{"display_name":"mooreliciouspeppers.com","author_link":"https:\/\/mooreliciouspeppers.com\/index.php\/author\/"},"uagb_comment_info":0,"uagb_excerpt":"The jalape\u00f1o, perhaps the most commonly known pepper in America, provides a good balance between taste and spice and takes a spot in the middleweight class.","jetpack_sharing_enabled":true,"_links":{"self":[{"href":"https:\/\/mooreliciouspeppers.com\/index.php\/wp-json\/wp\/v2\/product\/1380","targetHints":{"allow":["GET"]}}],"collection":[{"href":"https:\/\/mooreliciouspeppers.com\/index.php\/wp-json\/wp\/v2\/product"}],"about":[{"href":"https:\/\/mooreliciouspeppers.com\/index.php\/wp-json\/wp\/v2\/types\/product"}],"replies":[{"embeddable":true,"href":"https:\/\/mooreliciouspeppers.com\/index.php\/wp-json\/wp\/v2\/comments?post=1380"}],"wp:featuredmedia":[{"embeddable":true,"href":"https:\/\/mooreliciouspeppers.com\/index.php\/wp-json\/wp\/v2\/media\/1385"}],"wp:attachment":[{"href":"https:\/\/mooreliciouspeppers.com\/index.php\/wp-json\/wp\/v2\/media?parent=1380"}],"wp:term":[{"taxonomy":"product_brand","embeddable":true,"href":"https:\/\/mooreliciouspeppers.com\/index.php\/wp-json\/wp\/v2\/product_brand?post=1380"},{"taxonomy":"product_cat","embeddable":true,"href":"https:\/\/mooreliciouspeppers.com\/index.php\/wp-json\/wp\/v2\/product_cat?post=1380"},{"taxonomy":"product_tag","embeddable":true,"href":"https:\/\/mooreliciouspeppers.com\/index.php\/wp-json\/wp\/v2\/product_tag?post=1380"}],"curies":[{"name":"wp","href":"https:\/\/api.w.org\/{rel}","templated":true}]}}